{"id":2,"date":"2022-10-25T17:20:40","date_gmt":"2022-10-25T15:20:40","guid":{"rendered":"http:\/\/location-ardeche-le-loriot.ovh\/loc-ardeche\/?page_id=2"},"modified":"2025-10-27T10:36:57","modified_gmt":"2025-10-27T09:36:57","slug":"page-d-exemple","status":"publish","type":"page","link":"https:\/\/location-ardeche-le-loriot.ovh\/","title":{"rendered":"Le Loriot"},"content":{"rendered":"\n<p>Bonjour et bienvenue dans notre maison familiale de vacances <strong>Le Loriot<\/strong><\/p>\n\n\n\n<p>Nous esp\u00e9rons que vous passerez un agr\u00e9able s\u00e9jour.<\/p>\n\n\n\n<p>NOUS NE PRENONS PLUS DE RESERVATIONS POUR LE MOMENT<\/p>\n\n\n\n<figure class=\"wp-block-image size-large\"><img loading=\"lazy\" decoding=\"async\" width=\"1024\" height=\"768\" src=\"https:\/\/location-ardeche-le-loriot.ovh\/wp-content\/uploads\/2022\/10\/IMG_20180517_164124-1-1024x768.jpg\" alt=\"\" class=\"wp-image-40\" srcset=\"https:\/\/location-ardeche-le-loriot.ovh\/wp-content\/uploads\/2022\/10\/IMG_20180517_164124-1-1024x768.jpg 1024w, https:\/\/location-ardeche-le-loriot.ovh\/wp-content\/uploads\/2022\/10\/IMG_20180517_164124-1-300x225.jpg 300w, https:\/\/location-ardeche-le-loriot.ovh\/wp-content\/uploads\/2022\/10\/IMG_20180517_164124-1-768x576.jpg 768w\" sizes=\"auto, (max-width: 1024px) 100vw, 1024px\" \/><\/figure>\n","protected":false},"excerpt":{"rendered":"<p>Bonjour et bienvenue dans notre maison familiale de vacances Le Loriot Nous esp\u00e9rons que vous passerez un agr\u00e9able s\u00e9jour. NOUS NE PRENONS PLUS DE RESERVATIONS POUR LE MOMENT<\/p>\n","protected":false},"author":1,"featured_media":0,"parent":0,"menu_order":0,"comment_status":"closed","ping_status":"open","template":"","meta":{"footnotes":""},"class_list":["post-2","page","type-page","status-publish","hentry"],"_links":{"self":[{"href":"https:\/\/location-ardeche-le-loriot.ovh\/index.php\/wp-json\/wp\/v2\/pages\/2","targetHints":{"allow":["GET"]}}],"collection":[{"href":"https:\/\/location-ardeche-le-loriot.ovh\/index.php\/wp-json\/wp\/v2\/pages"}],"about":[{"href":"https:\/\/location-ardeche-le-loriot.ovh\/index.php\/wp-json\/wp\/v2\/types\/page"}],"author":[{"embeddable":true,"href":"https:\/\/location-ardeche-le-loriot.ovh\/index.php\/wp-json\/wp\/v2\/users\/1"}],"replies":[{"embeddable":true,"href":"https:\/\/location-ardeche-le-loriot.ovh\/index.php\/wp-json\/wp\/v2\/comments?post=2"}],"version-history":[{"count":4,"href":"https:\/\/location-ardeche-le-loriot.ovh\/index.php\/wp-json\/wp\/v2\/pages\/2\/revisions"}],"predecessor-version":[{"id":171,"href":"https:\/\/location-ardeche-le-loriot.ovh\/index.php\/wp-json\/wp\/v2\/pages\/2\/revisions\/171"}],"wp:attachment":[{"href":"https:\/\/location-ardeche-le-loriot.ovh\/index.php\/wp-json\/wp\/v2\/media?parent=2"}],"curies":[{"name":"wp","href":"https:\/\/api.w.org\/{rel}","templated":true}]}}